{"id":349,"date":"2019-02-08T17:09:43","date_gmt":"2019-02-08T16:09:43","guid":{"rendered":"https:\/\/www.gite-la-tuilerie.com\/wapps\/?page_id=349"},"modified":"2019-02-08T17:23:17","modified_gmt":"2019-02-08T16:23:17","slug":"mentions-legales","status":"publish","type":"page","link":"https:\/\/www.gite-la-tuilerie.com\/wapps\/mentions-legales\/","title":{"rendered":"Mentions L\u00e9gales"},"content":{"rendered":"\t\t<div data-elementor-type=\"wp-post\" data-elementor-id=\"349\" class=\"elementor elementor-349 elementor-bc-flex-widget\">\n\t\t\t\t\t\t<section class=\"elementor-section elementor-top-section elementor-element elementor-element-e63baad elementor-section-boxed elementor-section-height-default elementor-section-height-default\" data-id=\"e63baad\" data-element_type=\"section\" data-e-type=\"section\">\n\t\t\t\t\t\t<div class=\"elementor-container elementor-column-gap-default\">\n\t\t\t\t\t<div class=\"elementor-column elementor-col-100 elementor-top-column elementor-element elementor-element-f140a9e\" data-id=\"f140a9e\" data-element_type=\"column\" data-e-type=\"column\">\n\t\t\t<div class=\"elementor-widget-wrap elementor-element-populated\">\n\t\t\t\t\t\t<div class=\"elementor-element elementor-element-43fcf4a elementor-widget elementor-widget-text-editor\" data-id=\"43fcf4a\" data-element_type=\"widget\" data-e-type=\"widget\" data-widget_type=\"text-editor.default\">\n\t\t\t\t<div class=\"elementor-widget-container\">\n\t\t\t\t\t\t\t\t\t<h2>Editeur<\/h2><p><strong>Gite LA TUILERIE<\/strong><br \/>Adresse :\u00a033 route du Der, 52290 Eclaron, France<br \/>E-Mail : <a href=\"mailto:raphaele.dolisy@wanadoo.fr\">raphaele.dolisy@wanadoo.fr<\/a><br \/>Directeur de publication : Raphaelle DOLISY<br \/>N\u00b0 T\u00e9l\u00e9phone : 06 64 88 57 66<br \/>Webdesigner : Daphn\u00e9 BOUTET\u00a0<br \/>Support :\u00a0<a href=\"mailto:contact@gite-la-tuilerie.com\">contact@gite-la-tuilerie.com<\/a><\/p><h2>Hebergeur<\/h2><p><strong>OVH<\/strong><br \/>SAS au capital de 10 000 000 \u20ac<br \/>RCS Roubaix \u2013 Tourcoing 42476141900011<br \/>Code APE 6202A<br \/>N\u00b0TVA : FR 22 424 761 419<br \/>Si\u00e8ge social : 2 rue Kellerman \u2013 59100 Roubaix \u2013 France<br \/>Web :\u00a0<a href=\"http:\/\/www.ovh.com\/\">www.ovh.com<br \/><\/a>N\u00b0 T\u00e9l\u00e9phone : 0820 698 765<\/p><h2>Collecte et utilisation des donn\u00e9es \u00e0 caract\u00e8re personnel<\/h2><p>Inscription \u00e0 la CNIL et protection des donn\u00e9es personnelles.\u00a0Raphaelle DOLISY consid\u00e8re que vos coordonn\u00e9es sont des donn\u00e9es confidentielles, et s\u2019engagent \u00e0 ne pas les divulguer. Vous disposez d\u2019un droit d\u2019acc\u00e8s, de modification, de rectification et de suppression des donn\u00e9es qui vous concernent (article 34 de la loi Informatique et libert\u00e9s n\u00b0 78-17 du 6 janvier 1978. Vous pouvez exercer ce droit en \u00e9crivant \u00e0 <a href=\"mailto:raphaele.dolisy@wanadoo.fr\">raphaele.dolisy@wanadoo.fr<\/a><\/p><p>Les informations personnelles pouvant \u00eatre recueillies sur le site internet www.gite-la-tuilerie.com sont principalement utilis\u00e9es par l&rsquo;\u00e9diteur pour la gestion de vos demandes. Elles ne sont pas enregistr\u00e9es dans le fichier de clients de l&rsquo;\u00e9diteur.<\/p><p>Les donn\u00e9es collect\u00e9es sur le site internet www.gite-la-tuilerie.com\u00a0sont celles que l\u2019utilisateur du site internet indique lorsqu\u2019il remplit des informations demand\u00e9es dans des formulaires pr\u00e9sents sur le site internet (nom, pr\u00e9nom, adresse postale, adresse de courrier \u00e9lectronique)<br \/>Raphaelle DOLISY utilisent ces donn\u00e9es de mani\u00e8re confidentielle pour traiter les demandes de devis ou les demandes de renseignements formul\u00e9es sur le site internet par les utilisateurs.\u00a0<br \/>Ces donn\u00e9es ne sont pas communiqu\u00e9es \u00e0 d\u2019autres tiers, sous r\u00e9serve d\u2019une demande formul\u00e9e par les autorit\u00e9s judiciaires ou administratives habilit\u00e9es \u00e0 formuler cette demande.<\/p><h2>Droit d\u2019auteur<\/h2><p>Tous les \u00e9l\u00e9ments de toute nature (images fixes, images anim\u00e9es, bases de donn\u00e9es, marques, illustrations, logos, dessins, mod\u00e8les, mise en page, documents t\u00e9l\u00e9chargeables) contenus dans gite-la-tuilerie.com sont prot\u00e9g\u00e9s en tant qu\u2019\u0153uvre de l\u2019esprit par la l\u00e9gislation fran\u00e7aise et internationale sur le droit d\u2019auteur et la propri\u00e9t\u00e9 intellectuelle. Ces \u00e9l\u00e9ments restent la propri\u00e9t\u00e9 exclusive de www.gite-la-tuilerie.com, sauf mentions particuli\u00e8res. A ce titre, sauf autorisation pr\u00e9alable et \u00e9crite de l\u2019Editeur, toute reproduction, repr\u00e9sentation, adaptation, modification partielle ou int\u00e9grale de tout \u00e9l\u00e9ment composant le site, par quelque moyen que ce soit, est interdite sous peine de poursuite judiciaire.<\/p><h2>Liens hypertextes<\/h2><p>La mise en place de liens hypertextes vers le site internet est soumise \u00e0 une autorisation \u00e9crite et pr\u00e9alable de l\u2019Editeur.<br \/>La demande d\u2019autorisation se fait par courriel \u00e0 l\u2019adresse suivante\u00a0<a style=\"background-color: #ffffff;\" href=\"mailto:raphaele.dolisy@wanadoo.fr\">raphaele.dolisy@wanadoo.fr<\/a><br \/>L\u2019Editeur se d\u00e9gage de toute responsabilit\u00e9 quant au contenu de sites tiers qui seraient li\u00e9s \u00e0 son site internet apr\u00e8s autorisation.<\/p><h2>Les cookies<\/h2><p>Un cookie est un fichier plac\u00e9 dans l\u2019ordinateur de l\u2019utilisateur du site internet www.gite-la-tuilerie.com\u00a0et qui est g\u00e9r\u00e9 par Rapha\u00eblle DOLISY\u00a0 laquelle a proc\u00e9d\u00e9 \u00e0 l\u2019installation de ce cookie. Le but des cookies est de permettre de reconna\u00eetre l\u2019ordinateur d\u2019un utilisateur du site internet lors de sa prochaine visite sur le site www.gite-la-tuilerie.com.<\/p><p>Daphn\u00e9 BOUTET-ANTONIO utilise ces cookies pour collecter des informations temporairement concernant les visiteurs du site internet et leurs visites. Les informations collect\u00e9es peuvent \u00eatre les pages visit\u00e9es par un utilisateur, le temps pass\u00e9 sur les pages visit\u00e9es, le nombre de visite par jour\u2026).<\/p><p>Toutes les informations collect\u00e9es indirectement ne seront utilis\u00e9es que pour suivre le volume, le type et la configuration du trafic utilisant ce site, pour en d\u00e9velopper la conception et l&rsquo;agencement et \u00e0 d&rsquo;autres fins administratives et de planification et plus g\u00e9n\u00e9ralement pour am\u00e9liorer le service que l\u2019\u00e9diteur offre aux internautes via le site internet www.gite-la-tuilerie.com.<\/p><p>Chaque utilisateur du site internet accepte que les cookies soient install\u00e9s sur leur ordinateur. N\u00e9anmoins, chaque utilisateur du site internet peut refuser les cookies dans les param\u00e8tres de configuration de son navigateur internet.<\/p><h2>Donn\u00e9es personnelles collect\u00e9es<\/h2><p>Voir notre\u00a0<a href=\"https:\/\/www.gite-la-tuilerie.com\/wapps\/politique-de-confidentialite\/\" target=\"_blank\" rel=\"noopener\">politique de confidentialit\u00e9<\/a>.<\/p>\t\t\t\t\t\t\t\t<\/div>\n\t\t\t\t<\/div>\n\t\t\t\t\t<\/div>\n\t\t<\/div>\n\t\t\t\t\t<\/div>\n\t\t<\/section>\n\t\t\t\t<\/div>\n\t\t","protected":false},"excerpt":{"rendered":"<p>Editeur Gite LA TUILERIEAdresse :\u00a033 route du Der, 52290 Eclaron, FranceE-Mail : raphaele.dolisy@wanadoo.frDirecteur de publication : Raphaelle DOLISYN\u00b0 T\u00e9l\u00e9phone : 06 64 [&hellip;]<\/p>\n","protected":false},"author":1,"featured_media":0,"parent":0,"menu_order":0,"comment_status":"closed","ping_status":"closed","template":"page-templates\/page_fullwidth.php","meta":{"footnotes":""},"class_list":["post-349","page","type-page","status-publish","hentry"],"yoast_head":"<!-- This site is optimized with the Yoast SEO plugin v27.5 - https:\/\/yoast.com\/product\/yoast-seo-wordpress\/ -->\n<title>Mentions L\u00e9gales - Gite la Tuilerie<\/title>\n<meta name=\"robots\" content=\"index, follow, max-snippet:-1, max-image-preview:large, max-video-preview:-1\" \/>\n<link rel=\"canonical\" href=\"https:\/\/www.gite-la-tuilerie.com\/wapps\/mentions-legales\/\" \/>\n<meta property=\"og:locale\" content=\"fr_FR\" \/>\n<meta property=\"og:type\" content=\"article\" \/>\n<meta property=\"og:title\" content=\"Mentions L\u00e9gales - Gite la Tuilerie\" \/>\n<meta property=\"og:description\" content=\"Editeur Gite LA TUILERIEAdresse :\u00a033 route du Der, 52290 Eclaron, FranceE-Mail : raphaele.dolisy@wanadoo.frDirecteur de publication : Raphaelle DOLISYN\u00b0 T\u00e9l\u00e9phone : 06 64 [&hellip;]\" \/>\n<meta property=\"og:url\" content=\"https:\/\/www.gite-la-tuilerie.com\/wapps\/mentions-legales\/\" \/>\n<meta property=\"og:site_name\" content=\"Gite la Tuilerie\" \/>\n<meta property=\"article:modified_time\" content=\"2019-02-08T16:23:17+00:00\" \/>\n<meta name=\"twitter:card\" content=\"summary_large_image\" \/>\n<meta name=\"twitter:label1\" content=\"Dur\u00e9e de lecture estim\u00e9e\" \/>\n\t<meta name=\"twitter:data1\" content=\"3 minutes\" \/>\n<script type=\"application\/ld+json\" class=\"yoast-schema-graph\">{\"@context\":\"https:\\\/\\\/schema.org\",\"@graph\":[{\"@type\":\"WebPage\",\"@id\":\"https:\\\/\\\/www.gite-la-tuilerie.com\\\/wapps\\\/mentions-legales\\\/\",\"url\":\"https:\\\/\\\/www.gite-la-tuilerie.com\\\/wapps\\\/mentions-legales\\\/\",\"name\":\"Mentions L\u00e9gales - Gite la Tuilerie\",\"isPartOf\":{\"@id\":\"https:\\\/\\\/www.gite-la-tuilerie.com\\\/wapps\\\/#website\"},\"datePublished\":\"2019-02-08T16:09:43+00:00\",\"dateModified\":\"2019-02-08T16:23:17+00:00\",\"breadcrumb\":{\"@id\":\"https:\\\/\\\/www.gite-la-tuilerie.com\\\/wapps\\\/mentions-legales\\\/#breadcrumb\"},\"inLanguage\":\"fr-FR\",\"potentialAction\":[{\"@type\":\"ReadAction\",\"target\":[\"https:\\\/\\\/www.gite-la-tuilerie.com\\\/wapps\\\/mentions-legales\\\/\"]}]},{\"@type\":\"BreadcrumbList\",\"@id\":\"https:\\\/\\\/www.gite-la-tuilerie.com\\\/wapps\\\/mentions-legales\\\/#breadcrumb\",\"itemListElement\":[{\"@type\":\"ListItem\",\"position\":1,\"name\":\"Accueil\",\"item\":\"https:\\\/\\\/www.gite-la-tuilerie.com\\\/wapps\\\/\"},{\"@type\":\"ListItem\",\"position\":2,\"name\":\"Mentions L\u00e9gales\"}]},{\"@type\":\"WebSite\",\"@id\":\"https:\\\/\\\/www.gite-la-tuilerie.com\\\/wapps\\\/#website\",\"url\":\"https:\\\/\\\/www.gite-la-tuilerie.com\\\/wapps\\\/\",\"name\":\"Gite la Tuilerie\",\"description\":\"G\u00eete rural 4 \u00e9pis \u00e0 grande capacit\u00e9\",\"potentialAction\":[{\"@type\":\"SearchAction\",\"target\":{\"@type\":\"EntryPoint\",\"urlTemplate\":\"https:\\\/\\\/www.gite-la-tuilerie.com\\\/wapps\\\/?s={search_term_string}\"},\"query-input\":{\"@type\":\"PropertyValueSpecification\",\"valueRequired\":true,\"valueName\":\"search_term_string\"}}],\"inLanguage\":\"fr-FR\"}]}<\/script>\n<!-- \/ Yoast SEO plugin. -->","yoast_head_json":{"title":"Mentions L\u00e9gales - Gite la Tuilerie","robots":{"index":"index","follow":"follow","max-snippet":"max-snippet:-1","max-image-preview":"max-image-preview:large","max-video-preview":"max-video-preview:-1"},"canonical":"https:\/\/www.gite-la-tuilerie.com\/wapps\/mentions-legales\/","og_locale":"fr_FR","og_type":"article","og_title":"Mentions L\u00e9gales - Gite la Tuilerie","og_description":"Editeur Gite LA TUILERIEAdresse :\u00a033 route du Der, 52290 Eclaron, FranceE-Mail : raphaele.dolisy@wanadoo.frDirecteur de publication : Raphaelle DOLISYN\u00b0 T\u00e9l\u00e9phone : 06 64 [&hellip;]","og_url":"https:\/\/www.gite-la-tuilerie.com\/wapps\/mentions-legales\/","og_site_name":"Gite la Tuilerie","article_modified_time":"2019-02-08T16:23:17+00:00","twitter_card":"summary_large_image","twitter_misc":{"Dur\u00e9e de lecture estim\u00e9e":"3 minutes"},"schema":{"@context":"https:\/\/schema.org","@graph":[{"@type":"WebPage","@id":"https:\/\/www.gite-la-tuilerie.com\/wapps\/mentions-legales\/","url":"https:\/\/www.gite-la-tuilerie.com\/wapps\/mentions-legales\/","name":"Mentions L\u00e9gales - Gite la Tuilerie","isPartOf":{"@id":"https:\/\/www.gite-la-tuilerie.com\/wapps\/#website"},"datePublished":"2019-02-08T16:09:43+00:00","dateModified":"2019-02-08T16:23:17+00:00","breadcrumb":{"@id":"https:\/\/www.gite-la-tuilerie.com\/wapps\/mentions-legales\/#breadcrumb"},"inLanguage":"fr-FR","potentialAction":[{"@type":"ReadAction","target":["https:\/\/www.gite-la-tuilerie.com\/wapps\/mentions-legales\/"]}]},{"@type":"BreadcrumbList","@id":"https:\/\/www.gite-la-tuilerie.com\/wapps\/mentions-legales\/#breadcrumb","itemListElement":[{"@type":"ListItem","position":1,"name":"Accueil","item":"https:\/\/www.gite-la-tuilerie.com\/wapps\/"},{"@type":"ListItem","position":2,"name":"Mentions L\u00e9gales"}]},{"@type":"WebSite","@id":"https:\/\/www.gite-la-tuilerie.com\/wapps\/#website","url":"https:\/\/www.gite-la-tuilerie.com\/wapps\/","name":"Gite la Tuilerie","description":"G\u00eete rural 4 \u00e9pis \u00e0 grande capacit\u00e9","potentialAction":[{"@type":"SearchAction","target":{"@type":"EntryPoint","urlTemplate":"https:\/\/www.gite-la-tuilerie.com\/wapps\/?s={search_term_string}"},"query-input":{"@type":"PropertyValueSpecification","valueRequired":true,"valueName":"search_term_string"}}],"inLanguage":"fr-FR"}]}},"_links":{"self":[{"href":"https:\/\/www.gite-la-tuilerie.com\/wapps\/wp-json\/wp\/v2\/pages\/349","targetHints":{"allow":["GET"]}}],"collection":[{"href":"https:\/\/www.gite-la-tuilerie.com\/wapps\/wp-json\/wp\/v2\/pages"}],"about":[{"href":"https:\/\/www.gite-la-tuilerie.com\/wapps\/wp-json\/wp\/v2\/types\/page"}],"author":[{"embeddable":true,"href":"https:\/\/www.gite-la-tuilerie.com\/wapps\/wp-json\/wp\/v2\/users\/1"}],"replies":[{"embeddable":true,"href":"https:\/\/www.gite-la-tuilerie.com\/wapps\/wp-json\/wp\/v2\/comments?post=349"}],"version-history":[{"count":7,"href":"https:\/\/www.gite-la-tuilerie.com\/wapps\/wp-json\/wp\/v2\/pages\/349\/revisions"}],"predecessor-version":[{"id":360,"href":"https:\/\/www.gite-la-tuilerie.com\/wapps\/wp-json\/wp\/v2\/pages\/349\/revisions\/360"}],"wp:attachment":[{"href":"https:\/\/www.gite-la-tuilerie.com\/wapps\/wp-json\/wp\/v2\/media?parent=349"}],"curies":[{"name":"wp","href":"https:\/\/api.w.org\/{rel}","templated":true}]}}