{"id":361,"date":"2019-02-08T17:47:43","date_gmt":"2019-02-08T16:47:43","guid":{"rendered":"https:\/\/www.gite-la-tuilerie.com\/wapps\/?page_id=361"},"modified":"2019-03-11T11:50:31","modified_gmt":"2019-03-11T10:50:31","slug":"plan-du-site","status":"publish","type":"page","link":"https:\/\/www.gite-la-tuilerie.com\/wapps\/plan-du-site\/","title":{"rendered":"plan du site"},"content":{"rendered":"","protected":false},"excerpt":{"rendered":"","protected":false},"author":1,"featured_media":0,"parent":0,"menu_order":0,"comment_status":"closed","ping_status":"closed","template":"page-templates\/template-sitemap.php","meta":{"footnotes":""},"class_list":["post-361","page","type-page","status-publish","hentry"],"yoast_head":"<!-- This site is optimized with the Yoast SEO plugin v27.5 - https:\/\/yoast.com\/product\/yoast-seo-wordpress\/ -->\n<title>plan du site - Gite la Tuilerie<\/title>\n<meta name=\"robots\" content=\"index, follow, max-snippet:-1, max-image-preview:large, max-video-preview:-1\" \/>\n<link rel=\"canonical\" href=\"https:\/\/www.gite-la-tuilerie.com\/wapps\/plan-du-site\/\" \/>\n<meta property=\"og:locale\" content=\"fr_FR\" \/>\n<meta property=\"og:type\" content=\"article\" \/>\n<meta property=\"og:title\" content=\"plan du site - Gite la Tuilerie\" \/>\n<meta property=\"og:url\" content=\"https:\/\/www.gite-la-tuilerie.com\/wapps\/plan-du-site\/\" \/>\n<meta property=\"og:site_name\" content=\"Gite la Tuilerie\" \/>\n<meta property=\"article:modified_time\" content=\"2019-03-11T10:50:31+00:00\" \/>\n<meta name=\"twitter:card\" content=\"summary_large_image\" \/>\n<script type=\"application\/ld+json\" class=\"yoast-schema-graph\">{\"@context\":\"https:\\\/\\\/schema.org\",\"@graph\":[{\"@type\":\"WebPage\",\"@id\":\"https:\\\/\\\/www.gite-la-tuilerie.com\\\/wapps\\\/plan-du-site\\\/\",\"url\":\"https:\\\/\\\/www.gite-la-tuilerie.com\\\/wapps\\\/plan-du-site\\\/\",\"name\":\"plan du site - Gite la Tuilerie\",\"isPartOf\":{\"@id\":\"https:\\\/\\\/www.gite-la-tuilerie.com\\\/wapps\\\/#website\"},\"datePublished\":\"2019-02-08T16:47:43+00:00\",\"dateModified\":\"2019-03-11T10:50:31+00:00\",\"breadcrumb\":{\"@id\":\"https:\\\/\\\/www.gite-la-tuilerie.com\\\/wapps\\\/plan-du-site\\\/#breadcrumb\"},\"inLanguage\":\"fr-FR\",\"potentialAction\":[{\"@type\":\"ReadAction\",\"target\":[\"https:\\\/\\\/www.gite-la-tuilerie.com\\\/wapps\\\/plan-du-site\\\/\"]}]},{\"@type\":\"BreadcrumbList\",\"@id\":\"https:\\\/\\\/www.gite-la-tuilerie.com\\\/wapps\\\/plan-du-site\\\/#breadcrumb\",\"itemListElement\":[{\"@type\":\"ListItem\",\"position\":1,\"name\":\"Accueil\",\"item\":\"https:\\\/\\\/www.gite-la-tuilerie.com\\\/wapps\\\/\"},{\"@type\":\"ListItem\",\"position\":2,\"name\":\"plan du site\"}]},{\"@type\":\"WebSite\",\"@id\":\"https:\\\/\\\/www.gite-la-tuilerie.com\\\/wapps\\\/#website\",\"url\":\"https:\\\/\\\/www.gite-la-tuilerie.com\\\/wapps\\\/\",\"name\":\"Gite la Tuilerie\",\"description\":\"G\u00eete rural 4 \u00e9pis \u00e0 grande capacit\u00e9\",\"potentialAction\":[{\"@type\":\"SearchAction\",\"target\":{\"@type\":\"EntryPoint\",\"urlTemplate\":\"https:\\\/\\\/www.gite-la-tuilerie.com\\\/wapps\\\/?s={search_term_string}\"},\"query-input\":{\"@type\":\"PropertyValueSpecification\",\"valueRequired\":true,\"valueName\":\"search_term_string\"}}],\"inLanguage\":\"fr-FR\"}]}<\/script>\n<!-- \/ Yoast SEO plugin. -->","yoast_head_json":{"title":"plan du site - Gite la Tuilerie","robots":{"index":"index","follow":"follow","max-snippet":"max-snippet:-1","max-image-preview":"max-image-preview:large","max-video-preview":"max-video-preview:-1"},"canonical":"https:\/\/www.gite-la-tuilerie.com\/wapps\/plan-du-site\/","og_locale":"fr_FR","og_type":"article","og_title":"plan du site - Gite la Tuilerie","og_url":"https:\/\/www.gite-la-tuilerie.com\/wapps\/plan-du-site\/","og_site_name":"Gite la Tuilerie","article_modified_time":"2019-03-11T10:50:31+00:00","twitter_card":"summary_large_image","schema":{"@context":"https:\/\/schema.org","@graph":[{"@type":"WebPage","@id":"https:\/\/www.gite-la-tuilerie.com\/wapps\/plan-du-site\/","url":"https:\/\/www.gite-la-tuilerie.com\/wapps\/plan-du-site\/","name":"plan du site - Gite la Tuilerie","isPartOf":{"@id":"https:\/\/www.gite-la-tuilerie.com\/wapps\/#website"},"datePublished":"2019-02-08T16:47:43+00:00","dateModified":"2019-03-11T10:50:31+00:00","breadcrumb":{"@id":"https:\/\/www.gite-la-tuilerie.com\/wapps\/plan-du-site\/#breadcrumb"},"inLanguage":"fr-FR","potentialAction":[{"@type":"ReadAction","target":["https:\/\/www.gite-la-tuilerie.com\/wapps\/plan-du-site\/"]}]},{"@type":"BreadcrumbList","@id":"https:\/\/www.gite-la-tuilerie.com\/wapps\/plan-du-site\/#breadcrumb","itemListElement":[{"@type":"ListItem","position":1,"name":"Accueil","item":"https:\/\/www.gite-la-tuilerie.com\/wapps\/"},{"@type":"ListItem","position":2,"name":"plan du site"}]},{"@type":"WebSite","@id":"https:\/\/www.gite-la-tuilerie.com\/wapps\/#website","url":"https:\/\/www.gite-la-tuilerie.com\/wapps\/","name":"Gite la Tuilerie","description":"G\u00eete rural 4 \u00e9pis \u00e0 grande capacit\u00e9","potentialAction":[{"@type":"SearchAction","target":{"@type":"EntryPoint","urlTemplate":"https:\/\/www.gite-la-tuilerie.com\/wapps\/?s={search_term_string}"},"query-input":{"@type":"PropertyValueSpecification","valueRequired":true,"valueName":"search_term_string"}}],"inLanguage":"fr-FR"}]}},"_links":{"self":[{"href":"https:\/\/www.gite-la-tuilerie.com\/wapps\/wp-json\/wp\/v2\/pages\/361","targetHints":{"allow":["GET"]}}],"collection":[{"href":"https:\/\/www.gite-la-tuilerie.com\/wapps\/wp-json\/wp\/v2\/pages"}],"about":[{"href":"https:\/\/www.gite-la-tuilerie.com\/wapps\/wp-json\/wp\/v2\/types\/page"}],"author":[{"embeddable":true,"href":"https:\/\/www.gite-la-tuilerie.com\/wapps\/wp-json\/wp\/v2\/users\/1"}],"replies":[{"embeddable":true,"href":"https:\/\/www.gite-la-tuilerie.com\/wapps\/wp-json\/wp\/v2\/comments?post=361"}],"version-history":[{"count":1,"href":"https:\/\/www.gite-la-tuilerie.com\/wapps\/wp-json\/wp\/v2\/pages\/361\/revisions"}],"predecessor-version":[{"id":362,"href":"https:\/\/www.gite-la-tuilerie.com\/wapps\/wp-json\/wp\/v2\/pages\/361\/revisions\/362"}],"wp:attachment":[{"href":"https:\/\/www.gite-la-tuilerie.com\/wapps\/wp-json\/wp\/v2\/media?parent=361"}],"curies":[{"name":"wp","href":"https:\/\/api.w.org\/{rel}","templated":true}]}}